{"id":1480,"date":"2020-03-27T11:23:01","date_gmt":"2020-03-27T11:23:01","guid":{"rendered":"https:\/\/africatransport.com\/iso-certifications\/"},"modified":"2020-04-05T09:58:37","modified_gmt":"2020-04-05T09:58:37","slug":"iso-certifications","status":"publish","type":"page","link":"https:\/\/africatransport.com\/en\/iso-certifications\/","title":{"rendered":"ISO Certifications"},"content":{"rendered":"<div id='av_section_1'  class='avia-section main_color avia-section-default avia-no-border-styling  avia-full-stretch av-parallax-section av-section-color-overlay-active avia-bg-style-parallax  avia-builder-el-0  el_before_av_section  avia-builder-el-first   av-minimum-height av-minimum-height-custom  container_wrap fullsize' style=' '  data-section-bg-repeat='stretch'><div class='av-parallax' data-avia-parallax-ratio='0.3' ><div class='av-parallax-inner main_color  avia-full-stretch' style = 'background-repeat: no-repeat; background-image: url(https:\/\/africatransport.com\/wp-content\/uploads\/2020\/03\/ISO-9001-300x169.png);background-attachment: scroll; background-position: top center; ' ><\/div><\/div><div class='av-section-color-overlay-wrap'><div class='av-section-color-overlay' style='opacity: 0.6; background-color: #084a79; '><\/div><div class='container' style='height:400px'><main  role=\"main\" itemprop=\"mainContentOfPage\"  class='template-page content  av-content-full alpha units'><div class='post-entry post-entry-type-page post-entry-1480'><div class='entry-content-wrapper clearfix'>\n<div class=\"flex_column av_one_full  av-animated-generic left-to-right  flex_column_div av-zero-column-padding first  avia-builder-el-1  avia-builder-el-no-sibling  \" style='margin-top:0px; margin-bottom:0px; border-radius:0px; '><div  style='padding-bottom:0px; margin:0 0 0 0; color:#ffffff;font-size:5vw;' class='av-special-heading av-special-heading-h2 custom-color-heading blockquote modern-quote  avia-builder-el-2  avia-builder-el-no-sibling  av-inherit-size '><h2 class='av-special-heading-tag '  itemprop=\"headline\"  >Our Certifications<\/h2><div class ='av-subheading av-subheading_below av_custom_color ' style='font-size:25px;'><p>Land transport of goods<\/p>\n<\/div><div class='special-heading-border'><div class='special-heading-inner-border' style='border-color:#ffffff'><\/div><\/div><\/div><\/div>\n\n<\/div><\/div><\/main><!-- close content main element --><\/div><\/div><\/div><div id='av_section_2'  class='avia-section main_color avia-section-huge avia-no-border-styling  avia-bg-style-scroll  avia-builder-el-3  el_after_av_section  avia-builder-el-last   container_wrap fullsize' style=' '  ><div class='container' ><div class='template-page content  av-content-full alpha units'><div class='post-entry post-entry-type-page post-entry-1480'><div class='entry-content-wrapper clearfix'>\n<div class=\"flex_column av_one_full  av-animated-generic left-to-right  flex_column_div first  avia-builder-el-4  el_before_av_hr  avia-builder-el-first  \" style='margin-top:0px; margin-bottom:0px; border-width:5px; border-color:#7bb0e7; border-style:solid; padding:30px; border-radius:3px; '><p><div  style='padding-bottom:10px; margin-top:15; ' class='av-special-heading av-special-heading-h2  blockquote modern-quote  avia-builder-el-5  el_before_av_textblock  avia-builder-el-first  '><h2 class='av-special-heading-tag '  itemprop=\"headline\"  >Certification ISO 9001 V 2015<\/h2><div class='special-heading-border'><div class='special-heading-inner-border' ><\/div><\/div><\/div><br \/>\n<section class=\"av_textblock_section \"  itemscope=\"itemscope\" itemtype=\"https:\/\/schema.org\/CreativeWork\" ><div class='avia_textblock  '   itemprop=\"text\" ><p>The standard <b>ISO 9001 V 2015<\/b> defines the organisational criteria and requirements for setting up a quality management system. The standard <b>ISO 9001<\/b> <strong>V 2015<\/strong> provides a framework allowing\u00a0 organisations and compagnies to constantly provide products and services that meet the expectations of their customers or users.<\/p>\n<p>Download our ISO certificate:<\/p>\n<p style=\"text-align: center;\"><strong><a href=\"https:\/\/africatransport.com\/wp-content\/uploads\/2020\/03\/CERTIFICAT-ISO-AFRICA-TRANSPORT-9K-V155316.pdf\" target=\"_blank\" rel=\"noopener\">ISO 9001 V 2015 CERTIFICATE: AFRICA TRANSPORT <\/a><\/strong><\/p>\n<\/div><\/section><\/p><\/div><div  style='height:30px' class='hr hr-invisible   avia-builder-el-7  el_after_av_one_full  el_before_av_one_half '><span class='hr-inner ' ><span class='hr-inner-style'><\/span><\/span><\/div>\n<div class='flex_column_table av-equal-height-column-flextable -flextable' style='margin-top:0px; margin-bottom:0px; '><div class=\"flex_column av_one_half  av-animated-generic left-to-right  flex_column_table_cell av-equal-height-column av-align-middle first  avia-builder-el-8  el_after_av_hr  el_before_av_one_half  \" style='border-width:5px; border-color:#7bb0e7; border-style:solid; padding:30px; border-radius:3px; '><p><div  style='padding-bottom:10px; margin-top:15; ' class='av-special-heading av-special-heading-h2  blockquote modern-quote  avia-builder-el-9  el_before_av_textblock  avia-builder-el-first  '><h2 class='av-special-heading-tag '  itemprop=\"headline\"  >Certification ISO 45001 V 2018<\/h2><div class='special-heading-border'><div class='special-heading-inner-border' ><\/div><\/div><\/div><br \/>\n<section class=\"av_textblock_section \"  itemscope=\"itemscope\" itemtype=\"https:\/\/schema.org\/CreativeWork\" ><div class='avia_textblock  '   itemprop=\"text\" ><p><b>ISO 45001 V 2018<\/b> is a new standard that was published in March 2018 for the management of health and safety at work. The standard <b>ISO 45001 V 2018 <\/b>is common to the <b>certification ISO<\/b> <strong>9001 V 2015<\/strong> and <b>ISO<\/b> <strong>14001 V 2018<\/strong>, thus framing the principles of the international work organisation. This standard will replace the standard OHSAS 18001 by 2021.<\/p>\n<p>Africa Transport is in the advanced phase for obtaining the <strong>ISO 45001 V2018<\/strong> standard by the end of 2020.<\/p>\n<\/div><\/section><\/p><\/div><div class='av-flex-placeholder'><\/div><div class=\"flex_column av_one_half  av-animated-generic left-to-right  flex_column_table_cell av-equal-height-column av-align-middle   avia-builder-el-11  el_after_av_one_half  el_before_av_hr  \" style='border-width:5px; border-color:#7bb0e7; border-style:solid; padding:30px; border-radius:3px; '><p><div  style='padding-bottom:10px; margin-top:15; ' class='av-special-heading av-special-heading-h2  blockquote modern-quote  avia-builder-el-12  el_before_av_textblock  avia-builder-el-first  '><h2 class='av-special-heading-tag '  itemprop=\"headline\"  >Cyanide certification<\/h2><div class='special-heading-border'><div class='special-heading-inner-border' ><\/div><\/div><\/div><br \/>\n<section class=\"av_textblock_section \"  itemscope=\"itemscope\" itemtype=\"https:\/\/schema.org\/CreativeWork\" ><div class='avia_textblock  '   itemprop=\"text\" ><p>Africa Transport work is at an advanced stage for obtaining the cyanide certification by the end of 2020.<\/p>\n<p>Click here to see the <a href=\"https:\/\/www.cyanidecode.org\/media-room\/press-releases\/2019\/africa-transport-becomes-signatory-international-cyanide-management\" target=\"_blank\" rel=\"noopener noreferrer\">CYANIDE certification link.<\/a><\/p>\n<\/div><\/section><\/p><\/div><\/div><!--close column table wrapper. Autoclose: 1 --><div  style='height:20px' class='hr hr-invisible   avia-builder-el-14  el_after_av_one_half  avia-builder-el-last '><span class='hr-inner ' ><span class='hr-inner-style'><\/span><\/span><\/div>\n\n","protected":false},"excerpt":{"rendered":"","protected":false},"author":1,"featured_media":0,"parent":0,"menu_order":0,"comment_status":"closed","ping_status":"closed","template":"","meta":{"nf_dc_page":"","_exactmetrics_skip_tracking":false,"_exactmetrics_sitenote_active":false,"_exactmetrics_sitenote_note":"","_exactmetrics_sitenote_category":0,"footnotes":""},"class_list":["post-1480","page","type-page","status-publish","hentry"],"yoast_head":"<!-- This site is optimized with the Yoast SEO plugin v27.4 - https:\/\/yoast.com\/product\/yoast-seo-wordpress\/ -->\n<title>ISO Certifications - Africa Transport<\/title>\n<meta name=\"robots\" content=\"index, follow, max-snippet:-1, max-image-preview:large, max-video-preview:-1\" \/>\n<link rel=\"canonical\" href=\"https:\/\/africatransport.com\/en\/iso-certifications\/\" \/>\n<meta property=\"og:locale\" content=\"en_US\" \/>\n<meta property=\"og:type\" content=\"article\" \/>\n<meta property=\"og:title\" content=\"ISO Certifications - Africa Transport\" \/>\n<meta property=\"og:url\" content=\"https:\/\/africatransport.com\/en\/iso-certifications\/\" \/>\n<meta property=\"og:site_name\" content=\"Africa Transport\" \/>\n<meta property=\"article:modified_time\" content=\"2020-04-05T09:58:37+00:00\" \/>\n<meta name=\"twitter:card\" content=\"summary_large_image\" \/>\n<meta name=\"twitter:label1\" content=\"Est. reading time\" \/>\n\t<meta name=\"twitter:data1\" content=\"7 minutes\" \/>\n<script type=\"application\/ld+json\" class=\"yoast-schema-graph\">{\"@context\":\"https:\\\/\\\/schema.org\",\"@graph\":[{\"@type\":\"WebPage\",\"@id\":\"https:\\\/\\\/africatransport.com\\\/en\\\/iso-certifications\\\/\",\"url\":\"https:\\\/\\\/africatransport.com\\\/en\\\/iso-certifications\\\/\",\"name\":\"ISO Certifications - Africa Transport\",\"isPartOf\":{\"@id\":\"https:\\\/\\\/africatransport.com\\\/#website\"},\"datePublished\":\"2020-03-27T11:23:01+00:00\",\"dateModified\":\"2020-04-05T09:58:37+00:00\",\"breadcrumb\":{\"@id\":\"https:\\\/\\\/africatransport.com\\\/en\\\/iso-certifications\\\/#breadcrumb\"},\"inLanguage\":\"en-US\",\"potentialAction\":[{\"@type\":\"ReadAction\",\"target\":[\"https:\\\/\\\/africatransport.com\\\/en\\\/iso-certifications\\\/\"]}]},{\"@type\":\"BreadcrumbList\",\"@id\":\"https:\\\/\\\/africatransport.com\\\/en\\\/iso-certifications\\\/#breadcrumb\",\"itemListElement\":[{\"@type\":\"ListItem\",\"position\":1,\"name\":\"Accueil\",\"item\":\"https:\\\/\\\/africatransport.com\\\/en\\\/\"},{\"@type\":\"ListItem\",\"position\":2,\"name\":\"ISO Certifications\"}]},{\"@type\":\"WebSite\",\"@id\":\"https:\\\/\\\/africatransport.com\\\/#website\",\"url\":\"https:\\\/\\\/africatransport.com\\\/\",\"name\":\"Africa Transport\",\"description\":\"Soci\u00e9t\u00e9 de transport routier en Guin\u00e9e\",\"publisher\":{\"@id\":\"https:\\\/\\\/africatransport.com\\\/#organization\"},\"potentialAction\":[{\"@type\":\"SearchAction\",\"target\":{\"@type\":\"EntryPoint\",\"urlTemplate\":\"https:\\\/\\\/africatransport.com\\\/?s={search_term_string}\"},\"query-input\":{\"@type\":\"PropertyValueSpecification\",\"valueRequired\":true,\"valueName\":\"search_term_string\"}}],\"inLanguage\":\"en-US\"},{\"@type\":\"Organization\",\"@id\":\"https:\\\/\\\/africatransport.com\\\/#organization\",\"name\":\"Africa Transport\",\"url\":\"https:\\\/\\\/africatransport.com\\\/\",\"logo\":{\"@type\":\"ImageObject\",\"inLanguage\":\"en-US\",\"@id\":\"https:\\\/\\\/africatransport.com\\\/#\\\/schema\\\/logo\\\/image\\\/\",\"url\":\"https:\\\/\\\/africatransport.com\\\/wp-content\\\/uploads\\\/2020\\\/03\\\/logo-final.png\",\"contentUrl\":\"https:\\\/\\\/africatransport.com\\\/wp-content\\\/uploads\\\/2020\\\/03\\\/logo-final.png\",\"width\":1080,\"height\":549,\"caption\":\"Africa Transport\"},\"image\":{\"@id\":\"https:\\\/\\\/africatransport.com\\\/#\\\/schema\\\/logo\\\/image\\\/\"}}]}<\/script>\n<!-- \/ Yoast SEO plugin. -->","yoast_head_json":{"title":"ISO Certifications - Africa Transport","robots":{"index":"index","follow":"follow","max-snippet":"max-snippet:-1","max-image-preview":"max-image-preview:large","max-video-preview":"max-video-preview:-1"},"canonical":"https:\/\/africatransport.com\/en\/iso-certifications\/","og_locale":"en_US","og_type":"article","og_title":"ISO Certifications - Africa Transport","og_url":"https:\/\/africatransport.com\/en\/iso-certifications\/","og_site_name":"Africa Transport","article_modified_time":"2020-04-05T09:58:37+00:00","twitter_card":"summary_large_image","twitter_misc":{"Est. reading time":"7 minutes"},"schema":{"@context":"https:\/\/schema.org","@graph":[{"@type":"WebPage","@id":"https:\/\/africatransport.com\/en\/iso-certifications\/","url":"https:\/\/africatransport.com\/en\/iso-certifications\/","name":"ISO Certifications - Africa Transport","isPartOf":{"@id":"https:\/\/africatransport.com\/#website"},"datePublished":"2020-03-27T11:23:01+00:00","dateModified":"2020-04-05T09:58:37+00:00","breadcrumb":{"@id":"https:\/\/africatransport.com\/en\/iso-certifications\/#breadcrumb"},"inLanguage":"en-US","potentialAction":[{"@type":"ReadAction","target":["https:\/\/africatransport.com\/en\/iso-certifications\/"]}]},{"@type":"BreadcrumbList","@id":"https:\/\/africatransport.com\/en\/iso-certifications\/#breadcrumb","itemListElement":[{"@type":"ListItem","position":1,"name":"Accueil","item":"https:\/\/africatransport.com\/en\/"},{"@type":"ListItem","position":2,"name":"ISO Certifications"}]},{"@type":"WebSite","@id":"https:\/\/africatransport.com\/#website","url":"https:\/\/africatransport.com\/","name":"Africa Transport","description":"Soci\u00e9t\u00e9 de transport routier en Guin\u00e9e","publisher":{"@id":"https:\/\/africatransport.com\/#organization"},"potentialAction":[{"@type":"SearchAction","target":{"@type":"EntryPoint","urlTemplate":"https:\/\/africatransport.com\/?s={search_term_string}"},"query-input":{"@type":"PropertyValueSpecification","valueRequired":true,"valueName":"search_term_string"}}],"inLanguage":"en-US"},{"@type":"Organization","@id":"https:\/\/africatransport.com\/#organization","name":"Africa Transport","url":"https:\/\/africatransport.com\/","logo":{"@type":"ImageObject","inLanguage":"en-US","@id":"https:\/\/africatransport.com\/#\/schema\/logo\/image\/","url":"https:\/\/africatransport.com\/wp-content\/uploads\/2020\/03\/logo-final.png","contentUrl":"https:\/\/africatransport.com\/wp-content\/uploads\/2020\/03\/logo-final.png","width":1080,"height":549,"caption":"Africa Transport"},"image":{"@id":"https:\/\/africatransport.com\/#\/schema\/logo\/image\/"}}]}},"_links":{"self":[{"href":"https:\/\/africatransport.com\/en\/wp-json\/wp\/v2\/pages\/1480","targetHints":{"allow":["GET"]}}],"collection":[{"href":"https:\/\/africatransport.com\/en\/wp-json\/wp\/v2\/pages"}],"about":[{"href":"https:\/\/africatransport.com\/en\/wp-json\/wp\/v2\/types\/page"}],"author":[{"embeddable":true,"href":"https:\/\/africatransport.com\/en\/wp-json\/wp\/v2\/users\/1"}],"replies":[{"embeddable":true,"href":"https:\/\/africatransport.com\/en\/wp-json\/wp\/v2\/comments?post=1480"}],"version-history":[{"count":5,"href":"https:\/\/africatransport.com\/en\/wp-json\/wp\/v2\/pages\/1480\/revisions"}],"predecessor-version":[{"id":2170,"href":"https:\/\/africatransport.com\/en\/wp-json\/wp\/v2\/pages\/1480\/revisions\/2170"}],"wp:attachment":[{"href":"https:\/\/africatransport.com\/en\/wp-json\/wp\/v2\/media?parent=1480"}],"curies":[{"name":"wp","href":"https:\/\/api.w.org\/{rel}","templated":true}]}}