{"id":1687,"date":"2020-03-28T17:40:22","date_gmt":"2020-03-28T17:40:22","guid":{"rendered":"https:\/\/africatransport.com\/iso%e8%ae%a4%e8%af%81\/"},"modified":"2021-10-10T12:09:49","modified_gmt":"2021-10-10T12:09:49","slug":"iso%e8%ae%a4%e8%af%81","status":"publish","type":"page","link":"https:\/\/africatransport.com\/zh-hans\/iso%e8%ae%a4%e8%af%81\/","title":{"rendered":"ISO\u8ba4\u8bc1"},"content":{"rendered":"<\/p>\n<div id='av_section_1'  class='avia-section main_color avia-section-default avia-no-border-styling  avia-full-stretch av-parallax-section av-section-color-overlay-active avia-bg-style-parallax  avia-builder-el-0  el_before_av_section  avia-builder-el-first   av-minimum-height av-minimum-height-custom  container_wrap fullsize' style=' '  data-section-bg-repeat='stretch'><div class='av-parallax' data-avia-parallax-ratio='0.3' ><div class='av-parallax-inner main_color  avia-full-stretch' style = 'background-repeat: no-repeat; background-image: url(https:\/\/africatransport.com\/wp-content\/uploads\/2020\/03\/ISO-9001-300x169.png);background-attachment: scroll; background-position: top center; ' ><\/div><\/div><div class='av-section-color-overlay-wrap'><div class='av-section-color-overlay' style='opacity: 0.6; background-color: #084a79; '><\/div><div class='container' style='height:400px'><main  role=\"main\" itemprop=\"mainContentOfPage\"  class='template-page content  av-content-full alpha units'><div class='post-entry post-entry-type-page post-entry-1687'><div class='entry-content-wrapper clearfix'>\n<div class=\"flex_column av_one_full  av-animated-generic left-to-right  flex_column_div av-zero-column-padding first  avia-builder-el-1  avia-builder-el-no-sibling  \" style='margin-top:0px; margin-bottom:0px; border-radius:0px; '><div  style='padding-bottom:0px; margin:0 0 0 0; color:#ffffff;font-size:5vw;' class='av-special-heading av-special-heading-h2 custom-color-heading blockquote modern-quote  avia-builder-el-2  avia-builder-el-no-sibling  av-inherit-size '><h2 class='av-special-heading-tag '  itemprop=\"headline\"  >\u6211\u4eec\u7684\u8d44\u683c\u8ba4\u8bc1<\/h2><div class ='av-subheading av-subheading_below av_custom_color ' style='font-size:25px;'><p>\u5185\u9646\u8d27\u7269\u8fd0\u8f93<\/p>\n<\/div><div class='special-heading-border'><div class='special-heading-inner-border' style='border-color:#ffffff'><\/div><\/div><\/div><\/div>\n\n<\/div><\/div><\/main><!-- close content main element --><\/div><\/div><\/div><div id='av_section_2'  class='avia-section main_color avia-section-huge avia-no-border-styling  avia-bg-style-scroll  avia-builder-el-3  el_after_av_section  avia-builder-el-last   container_wrap fullsize' style=' '  ><div class='container' ><div class='template-page content  av-content-full alpha units'><div class='post-entry post-entry-type-page post-entry-1687'><div class='entry-content-wrapper clearfix'>\n<div class=\"flex_column av_one_full  av-animated-generic left-to-right  flex_column_div first  avia-builder-el-4  el_before_av_hr  avia-builder-el-first  \" style='margin-top:0px; margin-bottom:0px; border-width:5px; border-color:#7bb0e7; border-style:solid; padding:30px; border-radius:3px; '><p><div  style='padding-bottom:10px; margin-top:15; ' class='av-special-heading av-special-heading-h2  blockquote modern-quote  avia-builder-el-5  el_before_av_textblock  avia-builder-el-first  '><h2 class='av-special-heading-tag '  itemprop=\"headline\"  >ISO 9001:2015\u8ba4\u8bc1<\/h2><div class='special-heading-border'><div class='special-heading-inner-border' ><\/div><\/div><\/div><br \/>\n<section class=\"av_textblock_section \"  itemscope=\"itemscope\" itemtype=\"https:\/\/schema.org\/CreativeWork\" ><div class='avia_textblock  '   itemprop=\"text\" ><p><b>ISO 9001:2015<\/b>\u6807\u51c6\u89c4\u5b9a\u4e86\u5efa\u7acb\u8d28\u91cf\u7ba1\u7406\u4f53\u7cfb\u7684\u6807\u51c6\u548c\u7ec4\u7ec7\u8981\u6c42\u3002 <b>ISO 9001<\/b><strong>:2015<\/strong>\u6807\u51c6\u63d0\u4f9b\u4e86\u4e00\u4e2a\u53ef\u8ba9\u7ec4\u7ec7\u548c\u516c\u53f8\u4e0d\u65ad\u63d0\u4f9b\u6ee1\u8db3\u5ba2\u6237\u6216\u7528\u6237\u6240\u671f\u671b\u4ea7\u54c1\u548c\u670d\u52a1\u7684\u6846\u67b6\u3002<\/p>\n<p>\u4e0b\u8f7d\u6211\u4eec\u7684ISO\u8bc1\u4e66:<\/p>\n<p style=\"text-align: center\"><strong><a href=\"https:\/\/africatransport.com\/wp-content\/uploads\/2020\/03\/CERTIFICAT-ISO-AFRICA-TRANSPORT-9K-V155316.pdf\" target=\"_blank\" rel=\"noopener\">ISO 9001:2015\u8ba4\u8bc1\uff1aAFRICA TRANSPORT(\u975e\u6d32\u8fd0\u8f93) <\/a><\/strong><\/p>\n<\/div><\/section><\/p><\/div><div  style='height:30px' class='hr hr-invisible   avia-builder-el-7  el_after_av_one_full  el_before_av_one_half '><span class='hr-inner ' ><span class='hr-inner-style'><\/span><\/span><\/div>\n<div class='flex_column_table av-equal-height-column-flextable -flextable' style='margin-top:0px; margin-bottom:0px; '><div class=\"flex_column av_one_half  av-animated-generic left-to-right  flex_column_table_cell av-equal-height-column av-align-middle first  avia-builder-el-8  el_after_av_hr  el_before_av_one_half  \" style='border-width:5px; border-color:#7bb0e7; border-style:solid; padding:30px; border-radius:3px; '><p><div  style='padding-bottom:10px; margin-top:15; ' class='av-special-heading av-special-heading-h2  blockquote modern-quote  avia-builder-el-9  el_before_av_textblock  avia-builder-el-first  '><h2 class='av-special-heading-tag '  itemprop=\"headline\"  >ISO 45001:2018\u8ba4\u8bc1<\/h2><div class='special-heading-border'><div class='special-heading-inner-border' ><\/div><\/div><\/div><br \/>\n<section class=\"av_textblock_section \"  itemscope=\"itemscope\" itemtype=\"https:\/\/schema.org\/CreativeWork\" ><div class='avia_textblock  '   itemprop=\"text\" ><p><b>ISO 45001:2018<\/b> \u662f2018\u5e743\u6708\u53d1\u5e03\u7684\u804c\u4e1a\u5b89\u5168\u4e0e\u5065\u5eb7\u7ba1\u7406\u65b0\u6807\u51c6\u3002 <b>ISO 45001:2018<\/b> \u6807\u51c6\u662f<b>ISO<\/b> <strong>9001:2015<\/strong>\u8ba4\u8bc1\u548c<b>ISO<\/b> <strong>14001:2018<\/strong>\u8ba4\u8bc1\u7684\u901a\u7528\u6807\u51c6\uff0c\u4e3a\u56fd\u9645\u52b3\u5de5\u7ec4\u7ec7\u7684\u539f\u5219\u63d0\u4f9b\u4e86\u6846\u67b6\u3002 \u52302021\u5e74\uff0c\u8be5\u6807\u51c6\u5c06\u53d6\u4ee3OHSAS 18001\u6807\u51c6\u3002<\/p>\n<p>Africa Transport\uff08\u975e\u6d32\u8fd0\u8f93\uff09\u6b63\u5904\u4e8e\u52302020\u5e74\u5e95\u83b7\u5f97<strong>ISO 45001:2018<\/strong>\u8ba4\u8bc1\u7684\u7a81\u7834\u6027\u9636\u6bb5\u3002<\/p>\n<\/div><\/section><\/p><\/div><div class='av-flex-placeholder'><\/div><div class=\"flex_column av_one_half  av-animated-generic left-to-right  flex_column_table_cell av-equal-height-column av-align-middle   avia-builder-el-11  el_after_av_one_half  el_before_av_hr  \" style='border-width:5px; border-color:#7bb0e7; border-style:solid; padding:30px; border-radius:3px; '><p><div  style='padding-bottom:10px; margin-top:15; ' class='av-special-heading av-special-heading-h2  blockquote modern-quote  avia-builder-el-12  el_before_av_textblock  avia-builder-el-first  '><h2 class='av-special-heading-tag '  itemprop=\"headline\"  >\u300a\u6c30\u5316\u7269\u89c4\u8303\u300b\u8ba4\u8bc1<\/h2><div class='special-heading-border'><div class='special-heading-inner-border' ><\/div><\/div><\/div><br \/>\n<section class=\"av_textblock_section \"  itemscope=\"itemscope\" itemtype=\"https:\/\/schema.org\/CreativeWork\" ><div class='avia_textblock  '   itemprop=\"text\" ><p>\u52302020\u5e74\u5e95\uff0cAfrica Transport\uff08\u975e\u6d32\u8fd0\u8f93\uff09\u5de5\u4f5c\u5df2\u8fdb\u5165\u300a\u6c30\u5316\u7269\u89c4\u8303\u300b\u8ba4\u8bc1\u7684\u6700\u540e\u9636\u6bb5\u3002<\/p>\n<p>\u70b9\u51fb\u8fd9\u91cc\u67e5\u770b<a href=\"https:\/\/www.cyanidecode.org\/media-room\/press-releases\/2019\/africa-transport-becomes-signatory-international-cyanide-management\" target=\"_blank\" rel=\"noopener noreferrer\">\u300a\u6c30\u5316\u7269\u89c4\u8303\u300b\u8ba4\u8bc1\u94fe\u63a5<\/a>\u3002<\/p>\n<\/div><\/section><\/p><\/div><\/div><!--close column table wrapper. Autoclose: 1 --><div  style='height:20px' class='hr hr-invisible   avia-builder-el-14  el_after_av_one_half  avia-builder-el-last '><span class='hr-inner ' ><span class='hr-inner-style'><\/span><\/span><\/div>\n\n","protected":false},"excerpt":{"rendered":"","protected":false},"author":1,"featured_media":0,"parent":0,"menu_order":0,"comment_status":"closed","ping_status":"closed","template":"","meta":{"nf_dc_page":"","_exactmetrics_skip_tracking":false,"_exactmetrics_sitenote_active":false,"_exactmetrics_sitenote_note":"","_exactmetrics_sitenote_category":0,"footnotes":""},"class_list":["post-1687","page","type-page","status-publish","hentry"],"yoast_head":"<!-- This site is optimized with the Yoast SEO plugin v27.4 - https:\/\/yoast.com\/product\/yoast-seo-wordpress\/ -->\n<title>ISO\u8ba4\u8bc1 - Africa Transport<\/title>\n<meta name=\"robots\" content=\"index, follow, max-snippet:-1, max-image-preview:large, max-video-preview:-1\" \/>\n<link rel=\"canonical\" href=\"https:\/\/africatransport.com\/zh-hans\/iso\u8ba4\u8bc1\/\" \/>\n<meta property=\"og:locale\" content=\"zh_CN\" \/>\n<meta property=\"og:type\" content=\"article\" \/>\n<meta property=\"og:title\" content=\"ISO\u8ba4\u8bc1 - Africa Transport\" \/>\n<meta property=\"og:url\" content=\"https:\/\/africatransport.com\/zh-hans\/iso\u8ba4\u8bc1\/\" \/>\n<meta property=\"og:site_name\" content=\"Africa Transport\" \/>\n<meta property=\"article:modified_time\" content=\"2021-10-10T12:09:49+00:00\" \/>\n<meta name=\"twitter:card\" content=\"summary_large_image\" \/>\n<meta name=\"twitter:label1\" content=\"\u9884\u8ba1\u9605\u8bfb\u65f6\u95f4\" \/>\n\t<meta name=\"twitter:data1\" content=\"2 \u5206\" \/>\n<script type=\"application\/ld+json\" class=\"yoast-schema-graph\">{\"@context\":\"https:\\\/\\\/schema.org\",\"@graph\":[{\"@type\":\"WebPage\",\"@id\":\"https:\\\/\\\/africatransport.com\\\/zh-hans\\\/iso%e8%ae%a4%e8%af%81\\\/\",\"url\":\"https:\\\/\\\/africatransport.com\\\/zh-hans\\\/iso%e8%ae%a4%e8%af%81\\\/\",\"name\":\"ISO\u8ba4\u8bc1 - Africa Transport\",\"isPartOf\":{\"@id\":\"https:\\\/\\\/africatransport.com\\\/#website\"},\"datePublished\":\"2020-03-28T17:40:22+00:00\",\"dateModified\":\"2021-10-10T12:09:49+00:00\",\"breadcrumb\":{\"@id\":\"https:\\\/\\\/africatransport.com\\\/zh-hans\\\/iso%e8%ae%a4%e8%af%81\\\/#breadcrumb\"},\"inLanguage\":\"zh-Hans\",\"potentialAction\":[{\"@type\":\"ReadAction\",\"target\":[\"https:\\\/\\\/africatransport.com\\\/zh-hans\\\/iso%e8%ae%a4%e8%af%81\\\/\"]}]},{\"@type\":\"BreadcrumbList\",\"@id\":\"https:\\\/\\\/africatransport.com\\\/zh-hans\\\/iso%e8%ae%a4%e8%af%81\\\/#breadcrumb\",\"itemListElement\":[{\"@type\":\"ListItem\",\"position\":1,\"name\":\"Accueil\",\"item\":\"https:\\\/\\\/africatransport.com\\\/zh-hans\\\/\"},{\"@type\":\"ListItem\",\"position\":2,\"name\":\"ISO\u8ba4\u8bc1\"}]},{\"@type\":\"WebSite\",\"@id\":\"https:\\\/\\\/africatransport.com\\\/#website\",\"url\":\"https:\\\/\\\/africatransport.com\\\/\",\"name\":\"Africa Transport\",\"description\":\"Soci\u00e9t\u00e9 de transport routier en Guin\u00e9e\",\"publisher\":{\"@id\":\"https:\\\/\\\/africatransport.com\\\/#organization\"},\"potentialAction\":[{\"@type\":\"SearchAction\",\"target\":{\"@type\":\"EntryPoint\",\"urlTemplate\":\"https:\\\/\\\/africatransport.com\\\/?s={search_term_string}\"},\"query-input\":{\"@type\":\"PropertyValueSpecification\",\"valueRequired\":true,\"valueName\":\"search_term_string\"}}],\"inLanguage\":\"zh-Hans\"},{\"@type\":\"Organization\",\"@id\":\"https:\\\/\\\/africatransport.com\\\/#organization\",\"name\":\"Africa Transport\",\"url\":\"https:\\\/\\\/africatransport.com\\\/\",\"logo\":{\"@type\":\"ImageObject\",\"inLanguage\":\"zh-Hans\",\"@id\":\"https:\\\/\\\/africatransport.com\\\/#\\\/schema\\\/logo\\\/image\\\/\",\"url\":\"https:\\\/\\\/africatransport.com\\\/wp-content\\\/uploads\\\/2020\\\/03\\\/logo-final.png\",\"contentUrl\":\"https:\\\/\\\/africatransport.com\\\/wp-content\\\/uploads\\\/2020\\\/03\\\/logo-final.png\",\"width\":1080,\"height\":549,\"caption\":\"Africa Transport\"},\"image\":{\"@id\":\"https:\\\/\\\/africatransport.com\\\/#\\\/schema\\\/logo\\\/image\\\/\"}}]}<\/script>\n<!-- \/ Yoast SEO plugin. -->","yoast_head_json":{"title":"ISO\u8ba4\u8bc1 - Africa Transport","robots":{"index":"index","follow":"follow","max-snippet":"max-snippet:-1","max-image-preview":"max-image-preview:large","max-video-preview":"max-video-preview:-1"},"canonical":"https:\/\/africatransport.com\/zh-hans\/iso\u8ba4\u8bc1\/","og_locale":"zh_CN","og_type":"article","og_title":"ISO\u8ba4\u8bc1 - Africa Transport","og_url":"https:\/\/africatransport.com\/zh-hans\/iso\u8ba4\u8bc1\/","og_site_name":"Africa Transport","article_modified_time":"2021-10-10T12:09:49+00:00","twitter_card":"summary_large_image","twitter_misc":{"\u9884\u8ba1\u9605\u8bfb\u65f6\u95f4":"2 \u5206"},"schema":{"@context":"https:\/\/schema.org","@graph":[{"@type":"WebPage","@id":"https:\/\/africatransport.com\/zh-hans\/iso%e8%ae%a4%e8%af%81\/","url":"https:\/\/africatransport.com\/zh-hans\/iso%e8%ae%a4%e8%af%81\/","name":"ISO\u8ba4\u8bc1 - Africa Transport","isPartOf":{"@id":"https:\/\/africatransport.com\/#website"},"datePublished":"2020-03-28T17:40:22+00:00","dateModified":"2021-10-10T12:09:49+00:00","breadcrumb":{"@id":"https:\/\/africatransport.com\/zh-hans\/iso%e8%ae%a4%e8%af%81\/#breadcrumb"},"inLanguage":"zh-Hans","potentialAction":[{"@type":"ReadAction","target":["https:\/\/africatransport.com\/zh-hans\/iso%e8%ae%a4%e8%af%81\/"]}]},{"@type":"BreadcrumbList","@id":"https:\/\/africatransport.com\/zh-hans\/iso%e8%ae%a4%e8%af%81\/#breadcrumb","itemListElement":[{"@type":"ListItem","position":1,"name":"Accueil","item":"https:\/\/africatransport.com\/zh-hans\/"},{"@type":"ListItem","position":2,"name":"ISO\u8ba4\u8bc1"}]},{"@type":"WebSite","@id":"https:\/\/africatransport.com\/#website","url":"https:\/\/africatransport.com\/","name":"Africa Transport","description":"Soci\u00e9t\u00e9 de transport routier en Guin\u00e9e","publisher":{"@id":"https:\/\/africatransport.com\/#organization"},"potentialAction":[{"@type":"SearchAction","target":{"@type":"EntryPoint","urlTemplate":"https:\/\/africatransport.com\/?s={search_term_string}"},"query-input":{"@type":"PropertyValueSpecification","valueRequired":true,"valueName":"search_term_string"}}],"inLanguage":"zh-Hans"},{"@type":"Organization","@id":"https:\/\/africatransport.com\/#organization","name":"Africa Transport","url":"https:\/\/africatransport.com\/","logo":{"@type":"ImageObject","inLanguage":"zh-Hans","@id":"https:\/\/africatransport.com\/#\/schema\/logo\/image\/","url":"https:\/\/africatransport.com\/wp-content\/uploads\/2020\/03\/logo-final.png","contentUrl":"https:\/\/africatransport.com\/wp-content\/uploads\/2020\/03\/logo-final.png","width":1080,"height":549,"caption":"Africa Transport"},"image":{"@id":"https:\/\/africatransport.com\/#\/schema\/logo\/image\/"}}]}},"_links":{"self":[{"href":"https:\/\/africatransport.com\/zh-hans\/wp-json\/wp\/v2\/pages\/1687","targetHints":{"allow":["GET"]}}],"collection":[{"href":"https:\/\/africatransport.com\/zh-hans\/wp-json\/wp\/v2\/pages"}],"about":[{"href":"https:\/\/africatransport.com\/zh-hans\/wp-json\/wp\/v2\/types\/page"}],"author":[{"embeddable":true,"href":"https:\/\/africatransport.com\/zh-hans\/wp-json\/wp\/v2\/users\/1"}],"replies":[{"embeddable":true,"href":"https:\/\/africatransport.com\/zh-hans\/wp-json\/wp\/v2\/comments?post=1687"}],"version-history":[{"count":4,"href":"https:\/\/africatransport.com\/zh-hans\/wp-json\/wp\/v2\/pages\/1687\/revisions"}],"predecessor-version":[{"id":23172,"href":"https:\/\/africatransport.com\/zh-hans\/wp-json\/wp\/v2\/pages\/1687\/revisions\/23172"}],"wp:attachment":[{"href":"https:\/\/africatransport.com\/zh-hans\/wp-json\/wp\/v2\/media?parent=1687"}],"curies":[{"name":"wp","href":"https:\/\/api.w.org\/{rel}","templated":true}]}}